{"id":2725,"date":"2019-10-05T22:54:58","date_gmt":"2019-10-05T20:54:58","guid":{"rendered":"https:\/\/axe-throwing.si\/?page_id=2725"},"modified":"2019-10-05T23:04:56","modified_gmt":"2019-10-05T21:04:56","slug":"prednovoletni-axe-perience","status":"publish","type":"page","link":"https:\/\/axe-throwing.si\/en\/prednovoletni-axe-perience\/","title":{"rendered":"PREDNOVOLETNI AXE-PERIENCE"},"content":{"rendered":"<h1><strong>Najbolj usekana decembrska zabava<\/strong><\/h1>\n<h1><strong> &#8211; PREDNOVOLETNI AXE-PERIENCE<\/strong><br \/>\n<strong>v najve\u010djem evropskem centru za metanje sekire<\/strong><\/h1>\n<h3>Na voljo imate tri mo\u017enosti za va\u0161e prednovoletne do\u017eivetje:<\/h3>\n<h2><a href=\"https:\/\/axe-throwing.si\/wp-content\/uploads\/2019\/10\/sekiromet-147.jpg\"><img decoding=\"async\" class=\"alignleft wp-image-2730 size-thumbnail\" src=\"https:\/\/axe-throwing.si\/wp-content\/uploads\/2019\/10\/sekiromet-147-150x150.jpg\" alt=\"\" width=\"150\" height=\"150\" srcset=\"https:\/\/axe-throwing.si\/wp-content\/uploads\/2019\/10\/sekiromet-147-66x66.jpg 66w, https:\/\/axe-throwing.si\/wp-content\/uploads\/2019\/10\/sekiromet-147-150x150.jpg 150w\" sizes=\"(max-width: 150px) 100vw, 150px\" \/><\/a>A) Standardni program Sekirometa\u2122<\/h2>\n<p>ZA DRU\u017dBE DO 50 OSEB<br \/>\n105 minutni program sekirometa za podjetja<br \/>\nHrana in pija\u010da: osnovna ponudba (ve\u010d spodaj) je mo\u017ena samo med programom.<br \/>\n\u0160tevilo ograd se zakupi glede na velikost va\u0161e skupine (ena ograda do 12 oseb)<br \/>\nCena: od 250 do 1250\u20ac + ddv za program + hrana in pija\u010da.<\/p>\n<h2><a href=\"https:\/\/axe-throwing.si\/wp-content\/uploads\/2019\/05\/Sekiromet-finale-141.jpg\"><img decoding=\"async\" class=\"alignleft size-thumbnail wp-image-2376\" src=\"https:\/\/axe-throwing.si\/wp-content\/uploads\/2019\/05\/Sekiromet-finale-141-150x150.jpg\" alt=\"Sekiromet - finalni turnil Zimske lige WATL Slovenia \u017eur skupina RIT\" width=\"150\" height=\"150\" srcset=\"https:\/\/axe-throwing.si\/wp-content\/uploads\/2019\/05\/Sekiromet-finale-141-66x66.jpg 66w, https:\/\/axe-throwing.si\/wp-content\/uploads\/2019\/05\/Sekiromet-finale-141-150x150.jpg 150w\" sizes=\"(max-width: 150px) 100vw, 150px\" \/><\/a>B) Zakup celotnega centra na Kajuhovi<\/h2>\n<p>ZA DRU\u017dBE OD 50 DO 100 OSEB<br \/>\n105 minutni program sekirometa za podjetja<br \/>\nZakup prostora za zabavo &#8211; catering paket po dogovoru<br \/>\nDodatne opcije po dogovoru: zabava z DJ-em, fire show, plesalke itd.<br \/>\nCene:<br \/>\nProgram in prostor: 2500, 2000, 1250\u20ac + ddv glede na za\u010detek dogodka: 17:00, 19:00, 21:00<br \/>\nCatering in zabavni program po dogovoru<br \/>\nPija\u010da po porabi<\/p>\n<h2><a href=\"https:\/\/axe-throwing.si\/wp-content\/uploads\/2019\/01\/sekiromet-ljubljana-axe-throwing-europe.jpg\"><img decoding=\"async\" class=\"alignleft size-thumbnail wp-image-1383\" src=\"https:\/\/axe-throwing.si\/wp-content\/uploads\/2019\/01\/sekiromet-ljubljana-axe-throwing-europe-150x150.jpg\" alt=\"sekiromet-ljubljana-axe-throwing-europe\" width=\"150\" height=\"150\" srcset=\"https:\/\/axe-throwing.si\/wp-content\/uploads\/2019\/01\/sekiromet-ljubljana-axe-throwing-europe-66x66.jpg 66w, https:\/\/axe-throwing.si\/wp-content\/uploads\/2019\/01\/sekiromet-ljubljana-axe-throwing-europe-150x150.jpg 150w\" sizes=\"(max-width: 150px) 100vw, 150px\" \/><\/a>C) Odprt Axe-perience dogodek za mala podjetja<\/h2>\n<p>18. Decembra ob 19:00<br \/>\n105 minutni program sekirometa za podjetja<br \/>\n\u0160tevilo ograd se zakupi glede na velikost va\u0161e skupine (ena ograda do 12 oseb)<br \/>\nCatering paket De Luxe<br \/>\nZabava z DJ-em<br \/>\nCene:<br \/>\n350\u20ac + ddv na ogrado (1 ograda do 12 oseb) za program Sekirometa, DJ-a in prostor)<br \/>\n24\u20ac + ddv za catering paket De Luxe<br \/>\nPija\u010da po porabi<\/p>\n<h2>HRANA IN PIJA\u010cA<\/h2>\n<div id=\"attachment_1937\" style=\"width: 160px\" class=\"wp-caption alignleft\"><a href=\"https:\/\/axe-throwing.si\/wp-content\/uploads\/2019\/03\/gozdarska-dila-simbolicna-manjsa-800x537.jpg\"><img decoding=\"async\" aria-describedby=\"caption-attachment-1937\" class=\"size-thumbnail wp-image-1937\" src=\"https:\/\/axe-throwing.si\/wp-content\/uploads\/2019\/03\/gozdarska-dila-simbolicna-manjsa-800x537-150x150.jpg\" alt=\"gozdarska-dila-sekiromet\" width=\"150\" height=\"150\" srcset=\"https:\/\/axe-throwing.si\/wp-content\/uploads\/2019\/03\/gozdarska-dila-simbolicna-manjsa-800x537-66x66.jpg 66w, https:\/\/axe-throwing.si\/wp-content\/uploads\/2019\/03\/gozdarska-dila-simbolicna-manjsa-800x537-150x150.jpg 150w\" sizes=\"(max-width: 150px) 100vw, 150px\" \/><\/a><p id=\"caption-attachment-1937\" class=\"wp-caption-text\">gozdarska-dila-sekiromet<\/p><\/div>\n<h2>I. OSNOVNA PONUDBA<\/h2>\n<p>GOZDARSKA DILA za 2 osebi -12 \u20ac<br \/>\nDivja\u010dinska klobasa, lardo, zaseka<br \/>\nPikantni liptauer, vlo\u017eene gobice in \u010debulice<br \/>\nKoruzni dvorni kruhki<br \/>\n*Za ve\u010d oseb se dile sestavljajo po principu 2+2+2+<br \/>\nPIZZELLA \u2013 od 4 do 4,5\u20ac<\/p>\n<h2>II. CATERING MENUJI<\/h2>\n<p><strong>OSNOVNI MENI &#8211; 16\u20ac z ddv na osebo<\/strong><br \/>\nGozdarska dila &#8211; med terminom v ogradi<br \/>\nHOT DOG deluxe<br \/>\n\u0160morn s \u010de\u017eano iz ponve velikanke<br \/>\n*Vegi in veganske alternative pripravimo po naro\u010dilu (to\u010dno \u0161tevilo oseb).<\/p>\n<p><strong>PULLED PORK MENI &#8211; 18\u20ac z ddv na osebo<\/strong><br \/>\nGozdarska dila &#8211; med terminom v ogradi<br \/>\nPulled pork fantazija<br \/>\n(Natrgana svinjina, vlo\u017eena okisana zelenjavca, bbq omaka, bela \u0161tru\u010dka)<br \/>\n\u0160morn s \u010de\u017eano iz ponve velikanke<br \/>\n*Vegi in veganske alternative pripravimo po naro\u010dilu (to\u010dno \u0161tevilo oseb).<\/p>\n<p><strong>DOBROJEDEC MENI &#8211; 24\u20ac z ddv na osebo<\/strong><br \/>\nGozdarska dila &#8211; med terminom v ogradi<br \/>\nBBQ &#8211; Spare ribs, mac&amp;cheese, coleslaw<br \/>\nZorjen roastbeef, pe\u010den na \u017earu z gor\u010di\u010dno omako, \u010dema\u017eevim maslom,<br \/>\nolj\u010dnim oljem, solni cvetom in rde\u010dim poprom<br \/>\nHrustljava zelenjava iz pe\u010dice (korenje, pastinak, bu\u010de, z orehi, balzamikom in medom<br \/>\nDvorni kruhki<br \/>\n\u0160morn s \u010de\u017eano iz ponve velikanke<\/p>\n<p>*Vegi in veganske alternative pripravimo po naro\u010dilu (to\u010dno \u0161tevilo oseb).<\/p>\n<p>Ponudba v PDF obliki &gt;&gt;\u00a0<a href=\"https:\/\/axe-throwing.si\/wp-content\/uploads\/2019\/10\/Ponudba_AXE_THROWING_DECEMBER-2019.pdf\">Ponudba_AXE_THROWING_DECEMBER 2019\u00a0<\/a><\/p>\n","protected":false},"excerpt":{"rendered":"<p>Najbolj usekana decembrska zabava &#8211; PREDNOVOLETNI AXE-PERIENCE v najve\u010djem evropskem centru za metanje sekire Na voljo imate tri mo\u017enosti za va\u0161e prednovoletne do\u017eivetje: A) Standardni program Sekirometa\u2122 ZA DRU\u017dBE DO 50 OSEB 105 minutni program sekirometa za podjetja Hrana in pija\u010da: osnovna ponudba (ve\u010d spodaj) je mo\u017ena samo med programom. \u0160tevilo ograd se zakupi glede na velikost va\u0161e skupine (ena ograda do 12 oseb) Cena: od 250 do 1250\u20ac + ddv za program + hrana in pija\u010da. B) Zakup celotnega centra na Kajuhovi ZA DRU\u017dBE OD 50 DO 100 OSEB 105 minutni program sekirometa za podjetja Zakup prostora za zabavo &#8211; catering paket po dogovoru Dodatne opcije po dogovoru: zabava z DJ-em, fire show, plesalke itd. Cene: Program in prostor: 2500, 2000, 1250\u20ac + ddv glede na za\u010detek dogodka: 17:00, 19:00, 21:00 Catering in zabavni program po dogovoru Pija\u010da po porabi C) Odprt Axe-perience dogodek za mala podjetja 18. Decembra ob 19:00 105 minutni program <a href=\"https:\/\/axe-throwing.si\/en\/prednovoletni-axe-perience\/\"> [&#8230;]<\/a><\/p>\n","protected":false},"author":2,"featured_media":0,"parent":0,"menu_order":0,"comment_status":"closed","ping_status":"closed","template":"","meta":{"footnotes":""},"class_list":["post-2725","page","type-page","status-publish","hentry"],"_links":{"self":[{"href":"https:\/\/axe-throwing.si\/en\/wp-json\/wp\/v2\/pages\/2725","targetHints":{"allow":["GET"]}}],"collection":[{"href":"https:\/\/axe-throwing.si\/en\/wp-json\/wp\/v2\/pages"}],"about":[{"href":"https:\/\/axe-throwing.si\/en\/wp-json\/wp\/v2\/types\/page"}],"author":[{"embeddable":true,"href":"https:\/\/axe-throwing.si\/en\/wp-json\/wp\/v2\/users\/2"}],"replies":[{"embeddable":true,"href":"https:\/\/axe-throwing.si\/en\/wp-json\/wp\/v2\/comments?post=2725"}],"version-history":[{"count":0,"href":"https:\/\/axe-throwing.si\/en\/wp-json\/wp\/v2\/pages\/2725\/revisions"}],"wp:attachment":[{"href":"https:\/\/axe-throwing.si\/en\/wp-json\/wp\/v2\/media?parent=2725"}],"curies":[{"name":"wp","href":"https:\/\/api.w.org\/{rel}","templated":true}]}}