{"id":654,"date":"2018-11-21T10:47:25","date_gmt":"2018-11-21T09:47:25","guid":{"rendered":"https:\/\/axe-throwing.si\/?page_id=654"},"modified":"2025-09-26T13:10:01","modified_gmt":"2025-09-26T11:10:01","slug":"gifts","status":"publish","type":"page","link":"https:\/\/axe-throwing.si\/en\/gifts\/","title":{"rendered":"Gifts"},"content":{"rendered":"<p><div class=\"fusion-fullwidth fullwidth-box fusion-builder-row-1 nonhundred-percent-fullwidth non-hundred-percent-height-scrolling\" style=\"--awb-border-radius-top-left:0px;--awb-border-radius-top-right:0px;--awb-border-radius-bottom-right:0px;--awb-border-radius-bottom-left:0px;--awb-background-color:#381000;--awb-flex-wrap:wrap;\" ><div class=\"fusion-builder-row fusion-row\"><div class=\"fusion-layout-column fusion_builder_column fusion-builder-column-0 fusion_builder_column_1_1 1_1 fusion-one-full fusion-column-first fusion-column-last\" style=\"--awb-bg-repeat:repeat;--awb-margin-bottom:0px;\"><div class=\"fusion-column-wrapper fusion-flex-column-wrapper-legacy\"><div class=\"fusion-builder-row fusion-builder-row-inner fusion-row\"><div class=\"fusion-layout-column fusion_builder_column_inner fusion-builder-nested-column-0 fusion_builder_column_inner_1_2 1_2 fusion-one-half fusion-column-first\" style=\"--awb-bg-size:cover;width:50%;width:calc(50% - ( ( 4% ) * 0.5 ) );margin-right: 4%;\"><div class=\"fusion-column-wrapper fusion-flex-column-wrapper-legacy\"><div class=\"fusion-image-element in-legacy-container\" style=\"--awb-caption-title-font-family:var(--h2_typography-font-family);--awb-caption-title-font-weight:var(--h2_typography-font-weight);--awb-caption-title-font-style:var(--h2_typography-font-style);--awb-caption-title-size:var(--h2_typography-font-size);--awb-caption-title-transform:var(--h2_typography-text-transform);--awb-caption-title-line-height:var(--h2_typography-line-height);--awb-caption-title-letter-spacing:var(--h2_typography-letter-spacing);\"><span class=\" fusion-imageframe imageframe-none imageframe-1 hover-type-none\"><img decoding=\"async\" width=\"838\" height=\"447\" title=\"darilni bon sekiromet\" src=\"https:\/\/axe-throwing.si\/wp-content\/uploads\/2018\/11\/MOCKUP.jpg\" alt class=\"img-responsive wp-image-537\" srcset=\"https:\/\/axe-throwing.si\/wp-content\/uploads\/2018\/11\/MOCKUP-200x107.jpg 200w, https:\/\/axe-throwing.si\/wp-content\/uploads\/2018\/11\/MOCKUP-400x213.jpg 400w, https:\/\/axe-throwing.si\/wp-content\/uploads\/2018\/11\/MOCKUP-600x320.jpg 600w, https:\/\/axe-throwing.si\/wp-content\/uploads\/2018\/11\/MOCKUP-800x427.jpg 800w, https:\/\/axe-throwing.si\/wp-content\/uploads\/2018\/11\/MOCKUP.jpg 838w\" sizes=\"(max-width: 800px) 100vw, 600px\" \/><\/span><\/div><div class=\"fusion-clearfix\"><\/div><\/div><\/div><div class=\"fusion-layout-column fusion_builder_column_inner fusion-builder-nested-column-1 fusion_builder_column_inner_1_2 1_2 fusion-one-half fusion-column-last\" style=\"--awb-bg-size:cover;width:50%;width:calc(50% - ( ( 4% ) * 0.5 ) );\"><div class=\"fusion-column-wrapper fusion-flex-column-wrapper-legacy\"><div class=\"fusion-text fusion-text-1\"><h1>Presenetite z izvirnim darilom \u2013 darilnim bonom za sekiromet!<\/h1>\n<h3>Ponujamo darilne bone:<\/h3>\n<ul>\n<li>\n<h2>za pare &#8211; velja za 2 osebi (88,00 \u20ac)<\/h2>\n<\/li>\n<li>\n<h2>in za dru\u017eine &#8211; velja za 5 oseb (145,00 \u20ac).<\/h2>\n<\/li>\n<\/ul>\n<h1><\/h1>\n<\/div><div class=\"fusion-clearfix\"><\/div><\/div><\/div><\/div><div class=\"fusion-text fusion-text-2\"><h1>Trije koraki do nepozabnega darila<\/h1>\n<\/div><div class=\"fusion-content-boxes content-boxes columns row fusion-columns-3 fusion-columns-total-3 fusion-content-boxes-1 content-boxes-icon-with-title content-left\" style=\"--awb-hover-accent-color:#ff9800;--awb-circle-hover-accent-color:#ff9800;\" data-animationOffset=\"top-into-view\"><div style=\"--awb-backgroundcolor:transparent;\" class=\"fusion-column content-box-column content-box-column content-box-column-1 col-lg-4 col-md-4 col-sm-4 fusion-content-box-hover content-box-column-first-in-row\"><div class=\"col content-box-wrapper content-wrapper link-area-link-icon icon-hover-animation-fade\" data-animationOffset=\"top-into-view\"><div class=\"heading heading-with-icon icon-left\"><div class=\"icon\"><i style=\"border-color:#ff4800;border-width:1px;background-color:#ff4800;box-sizing:content-box;height:42px;width:42px;line-height:42px;border-radius:50%;font-size:21px;\" aria-hidden=\"true\" class=\"fontawesome-icon fa-envelope-open fas circle-yes\"><\/i><\/div><h2 class=\"content-box-heading\" style=\"--h2_typography-font-size:18px;line-height:23px;\">1) Naro\u010dite bon <\/h2><\/div><div class=\"fusion-clearfix\"><\/div><div class=\"content-container\">\n<p>Izpolnite spodnji obrazec (<strong>ime in priimek ter naslov in po\u0161tno \u0161tevilko<\/strong>, kateri bon bi \u017eeleli naro\u010diti (za dve ali za pet oseb) ter ali \u017eelite, da vam ga po\u0161ljemo priporo\u010deno po po\u0161ti ali v elektronski obliki (pdf)<\/p>\n<\/div><\/div><\/div><div style=\"--awb-backgroundcolor:transparent;\" class=\"fusion-column content-box-column content-box-column content-box-column-2 col-lg-4 col-md-4 col-sm-4 fusion-content-box-hover \"><div class=\"col content-box-wrapper content-wrapper link-area-link-icon icon-hover-animation-fade\" data-animationOffset=\"top-into-view\"><div class=\"heading heading-with-icon icon-left\"><div class=\"icon\"><i style=\"border-color:#ff4800;border-width:1px;background-color:#ff4800;box-sizing:content-box;height:42px;width:42px;line-height:42px;border-radius:50%;font-size:21px;\" aria-hidden=\"true\" class=\"fontawesome-icon fa-paypal fab circle-yes\"><\/i><\/div><h2 class=\"content-box-heading\" style=\"--h2_typography-font-size:18px;line-height:23px;\">2) Pla\u010dajte predra\u010dun<\/h2><\/div><div class=\"fusion-clearfix\"><\/div><div class=\"content-container\">\n<p>Ko prejmemo va\u0161e podatke vam po\u0161ljemo elektronsko po\u0161to z natan\u010dnimi navodili in predra\u010dunom. Pla\u010date ga lahko preko elektronskega ban\u010dni\u0161tva ali na banki.<\/p>\n<\/div><\/div><\/div><div style=\"--awb-backgroundcolor:transparent;\" class=\"fusion-column content-box-column content-box-column content-box-column-3 col-lg-4 col-md-4 col-sm-4 fusion-content-box-hover content-box-column-last content-box-column-last-in-row\"><div class=\"col content-box-wrapper content-wrapper link-area-link-icon icon-hover-animation-fade\" data-animationOffset=\"top-into-view\"><div class=\"heading heading-with-icon icon-left\"><div class=\"icon\"><i style=\"border-color:#ff4800;border-width:1px;background-color:#ff4800;box-sizing:content-box;height:42px;width:42px;line-height:42px;border-radius:50%;font-size:21px;\" aria-hidden=\"true\" class=\"fontawesome-icon fa-gift fas circle-yes\"><\/i><\/div><h2 class=\"content-box-heading\" style=\"--h2_typography-font-size:18px;line-height:23px;\">3) Podarite nepozabno dogodiv\u0161\u010dino<\/h2><\/div><div class=\"fusion-clearfix\"><\/div><div class=\"content-container\">\n<p>Presenetite z izvirnim darilom. Darilni bon vam po\u0161ljemo po po\u0161ti v li\u010dni kuverti ali po elektronski po\u0161ti. Darilni bon je odli\u010dno in unikatno darilo, odli\u010dno\u00a0za rojstni dan, Valentinovo, zaklju\u010dek \u0161olskega leta, obletnice, Miklav\u017ea, Novo leto \u00a0\u2013 podarite nepozabno dogodiv\u0161\u010dino!<\/p>\n<\/div><\/div><\/div><div class=\"fusion-clearfix\"><\/div><\/div><div class=\"fusion-text fusion-text-3\"><h2 style=\"text-align: center;\">Naro\u010dite Darilni bon preko e-obrazca<\/h2>\n<\/div>\n<div class=\"wpcf7 no-js\" id=\"wpcf7-f368-o1\" lang=\"sl-SI\" dir=\"ltr\" data-wpcf7-id=\"368\">\n<div class=\"screen-reader-response\"><p role=\"status\" aria-live=\"polite\" aria-atomic=\"true\"><\/p> <ul><\/ul><\/div>\n<form action=\"\/en\/wp-json\/wp\/v2\/pages\/654#wpcf7-f368-o1\" method=\"post\" class=\"wpcf7-form init\" aria-label=\"Contact form\" novalidate=\"novalidate\" data-status=\"init\">\n<div style=\"display: none;\">\n<input type=\"hidden\" name=\"_wpcf7\" value=\"368\" \/>\n<input type=\"hidden\" name=\"_wpcf7_version\" value=\"6.0.6\" \/>\n<input type=\"hidden\" name=\"_wpcf7_locale\" value=\"sl_SI\" \/>\n<input type=\"hidden\" name=\"_wpcf7_unit_tag\" value=\"wpcf7-f368-o1\" \/>\n<input type=\"hidden\" name=\"_wpcf7_container_post\" value=\"0\" \/>\n<input type=\"hidden\" name=\"_wpcf7_posted_data_hash\" value=\"\" \/>\n<input type=\"hidden\" name=\"_wpcf7_recaptcha_response\" value=\"\" \/>\n<\/div>\n<p><label>Ime in Priimek (obvezno)<br \/>\n<span class=\"wpcf7-form-control-wrap\" data-name=\"your-name\"><input size=\"40\" maxlength=\"400\" class=\"wpcf7-form-control wpcf7-text wpcf7-validates-as-required\" aria-required=\"true\" aria-invalid=\"false\" placeholder=\"Va\u0161e ime in priimek\" value=\"\" type=\"text\" name=\"your-name\" \/><\/span><br \/>\n<\/label>\n<\/p>\n<p><label>e-po\u0161tni naslov (obvezno)<br \/>\n<span class=\"wpcf7-form-control-wrap\" data-name=\"your-email\"><input size=\"40\" maxlength=\"400\" class=\"wpcf7-form-control wpcf7-email wpcf7-validates-as-required wpcf7-text wpcf7-validates-as-email\" aria-required=\"true\" aria-invalid=\"false\" placeholder=\"primer@domena.si\" value=\"\" type=\"email\" name=\"your-email\" \/><\/span><br \/>\n<\/label>\n<\/p>\n<p><label>Ulica in hi\u0161na \u0161tevilka (obvezno)<br \/>\n<span class=\"wpcf7-form-control-wrap\" data-name=\"your-address\"><input size=\"40\" maxlength=\"400\" class=\"wpcf7-form-control wpcf7-text wpcf7-validates-as-required\" aria-required=\"true\" aria-invalid=\"false\" placeholder=\"Va\u0161 naslov\" value=\"\" type=\"text\" name=\"your-address\" \/><\/span><br \/>\n<\/label>\n<\/p>\n<p><label>Po\u0161tna \u0161tevilka in mesto (obvezno)<br \/>\n<span class=\"wpcf7-form-control-wrap\" data-name=\"your-city\"><input size=\"40\" maxlength=\"400\" class=\"wpcf7-form-control wpcf7-text wpcf7-validates-as-required\" aria-required=\"true\" aria-invalid=\"false\" placeholder=\"1000 Ljubljana\" value=\"\" type=\"text\" name=\"your-city\" \/><\/span><br \/>\n<\/label>\n<\/p>\n<fieldset>\n\t<legend>Naro\u010dam darilni bon za sekiromet:\n\t<\/legend>\n\t<p><span class=\"wpcf7-form-control-wrap\" data-name=\"gift-bon\"><span class=\"wpcf7-form-control wpcf7-radio\"><span class=\"wpcf7-list-item first\"><input type=\"radio\" name=\"gift-bon\" value=\"bon za 2 osebi (88,00 \u20ac)\" checked=\"checked\" \/><span class=\"wpcf7-list-item-label\">bon za 2 osebi (88,00 \u20ac)<\/span><\/span><span class=\"wpcf7-list-item last\"><input type=\"radio\" name=\"gift-bon\" value=\"bon za 5 oseb (145,00 \u20ac)\" \/><span class=\"wpcf7-list-item-label\">bon za 5 oseb (145,00 \u20ac)<\/span><\/span><\/span><\/span>\n\t<\/p>\n<\/fieldset>\n<fieldset>\n\t<legend>Izberite na\u010din dostave:\n\t<\/legend>\n\t<p><span class=\"wpcf7-form-control-wrap\" data-name=\"delivery\"><span class=\"wpcf7-form-control wpcf7-radio\"><span class=\"wpcf7-list-item first\"><input type=\"radio\" name=\"delivery\" value=\"Bon mi po\u0161ljite priporo\u010deno po po\u0161ti (Po\u0161ta Slovenije)\" checked=\"checked\" \/><span class=\"wpcf7-list-item-label\">Bon mi po\u0161ljite priporo\u010deno po po\u0161ti (Po\u0161ta Slovenije)<\/span><\/span><span class=\"wpcf7-list-item last\"><input type=\"radio\" name=\"delivery\" value=\"Bon mi po\u0161ljite po e-mailu v pdf obliki\" \/><span class=\"wpcf7-list-item-label\">Bon mi po\u0161ljite po e-mailu v pdf obliki<\/span><\/span><\/span><\/span>\n\t<\/p>\n<\/fieldset>\n<p><label>Dodatno sporo\u010dilo<br \/>\n<span class=\"wpcf7-form-control-wrap\" data-name=\"your-message\"><textarea cols=\"40\" rows=\"10\" maxlength=\"2000\" class=\"wpcf7-form-control wpcf7-textarea\" aria-invalid=\"false\" placeholder=\"Va\u0161e \u017eelje, opombe ...\" name=\"your-message\"><\/textarea><\/span><br \/>\n<\/label>\n<\/p>\n<p><input class=\"wpcf7-form-control wpcf7-submit has-spinner\" type=\"submit\" value=\"Naro\u010di zdaj!\" \/>\n<\/p><div class=\"fusion-alert alert custom alert-custom fusion-alert-center wpcf7-response-output fusion-alert-capitalize awb-alert-native-link-color alert-dismissable awb-alert-close-boxed\" style=\"--awb-border-size:1px;--awb-border-top-left-radius:0px;--awb-border-top-right-radius:0px;--awb-border-bottom-left-radius:0px;--awb-border-bottom-right-radius:0px;\" role=\"alert\"><div class=\"fusion-alert-content-wrapper\"><span class=\"fusion-alert-content\"><\/span><\/div><button type=\"button\" class=\"close toggle-alert\" data-dismiss=\"alert\" aria-label=\"Close\">&times;<\/button><\/div>\n<\/form>\n<\/div>\n<div class=\"fusion-text fusion-text-4\"><p>Va\u0161e darilo bo zagotovo pravi hit! Va\u0161i obdarovanci lahko nato s kodo prek na\u0161ega rezervacijskega sistema sami izberejo katerikoli prost termin. Bon je vnov\u010dljiv samo enkrat v celoti in ga ne menjamo za gotovino.<\/p>\n<\/div><div class=\"fusion-clearfix\"><\/div><\/div><\/div><\/div><\/div><div class=\"fusion-fullwidth fullwidth-box fusion-builder-row-2 nonhundred-percent-fullwidth non-hundred-percent-height-scrolling\" style=\"--awb-border-radius-top-left:0px;--awb-border-radius-top-right:0px;--awb-border-radius-bottom-right:0px;--awb-border-radius-bottom-left:0px;--awb-flex-wrap:wrap;\" ><\/div><\/p>\n","protected":false},"excerpt":{"rendered":"","protected":false},"author":1,"featured_media":0,"parent":0,"menu_order":0,"comment_status":"closed","ping_status":"closed","template":"","meta":{"footnotes":""},"class_list":["post-654","page","type-page","status-publish","hentry"],"_links":{"self":[{"href":"https:\/\/axe-throwing.si\/en\/wp-json\/wp\/v2\/pages\/654","targetHints":{"allow":["GET"]}}],"collection":[{"href":"https:\/\/axe-throwing.si\/en\/wp-json\/wp\/v2\/pages"}],"about":[{"href":"https:\/\/axe-throwing.si\/en\/wp-json\/wp\/v2\/types\/page"}],"author":[{"embeddable":true,"href":"https:\/\/axe-throwing.si\/en\/wp-json\/wp\/v2\/users\/1"}],"replies":[{"embeddable":true,"href":"https:\/\/axe-throwing.si\/en\/wp-json\/wp\/v2\/comments?post=654"}],"version-history":[{"count":1,"href":"https:\/\/axe-throwing.si\/en\/wp-json\/wp\/v2\/pages\/654\/revisions"}],"predecessor-version":[{"id":4943,"href":"https:\/\/axe-throwing.si\/en\/wp-json\/wp\/v2\/pages\/654\/revisions\/4943"}],"wp:attachment":[{"href":"https:\/\/axe-throwing.si\/en\/wp-json\/wp\/v2\/media?parent=654"}],"curies":[{"name":"wp","href":"https:\/\/api.w.org\/{rel}","templated":true}]}}