{"id":657,"date":"2018-11-21T10:48:39","date_gmt":"2018-11-21T09:48:39","guid":{"rendered":"https:\/\/axe-throwing.si\/?page_id=657"},"modified":"2018-11-21T10:48:39","modified_gmt":"2018-11-21T09:48:39","slug":"teambuilding","status":"publish","type":"page","link":"https:\/\/axe-throwing.si\/en\/teambuilding\/","title":{"rendered":"Teambuilding"},"content":{"rendered":"<div class=\"fusion-fullwidth fullwidth-box fusion-builder-row-1 nonhundred-percent-fullwidth non-hundred-percent-height-scrolling\" style=\"--awb-border-radius-top-left:0px;--awb-border-radius-top-right:0px;--awb-border-radius-bottom-right:0px;--awb-border-radius-bottom-left:0px;--awb-background-color:#381000;--awb-flex-wrap:wrap;\" ><div class=\"fusion-builder-row fusion-row\"><div class=\"fusion-layout-column fusion_builder_column fusion-builder-column-0 fusion_builder_column_1_1 1_1 fusion-one-full fusion-column-first fusion-column-last\" style=\"--awb-bg-size:cover;--awb-margin-bottom:0px;\"><div class=\"fusion-column-wrapper fusion-flex-column-wrapper-legacy\"><div class=\"fusion-text fusion-text-1\"><h1>Teambuilding, ki ga ne boste pozabili<\/h1>\n<\/div><div class=\"fusion-builder-row fusion-builder-row-inner fusion-row\"><div class=\"fusion-layout-column fusion_builder_column_inner fusion-builder-nested-column-0 fusion_builder_column_inner_1_2 1_2 fusion-one-half fusion-column-first\" style=\"--awb-bg-size:cover;width:50%;width:calc(50% - ( ( 4% ) * 0.5 ) );margin-right: 4%;\"><div class=\"fusion-column-wrapper fusion-flex-column-wrapper-legacy\"><div class=\"fusion-image-element in-legacy-container\" style=\"--awb-caption-title-font-family:var(--h2_typography-font-family);--awb-caption-title-font-weight:var(--h2_typography-font-weight);--awb-caption-title-font-style:var(--h2_typography-font-style);--awb-caption-title-size:var(--h2_typography-font-size);--awb-caption-title-transform:var(--h2_typography-text-transform);--awb-caption-title-line-height:var(--h2_typography-line-height);--awb-caption-title-letter-spacing:var(--h2_typography-letter-spacing);\"><span class=\" fusion-imageframe imageframe-none imageframe-1 hover-type-none\"><img decoding=\"async\" width=\"3500\" height=\"2333\" title=\"sekiromet (33)\" src=\"https:\/\/axe-throwing.si\/wp-content\/uploads\/2018\/11\/sekiromet-33-1.jpg\" alt class=\"img-responsive wp-image-598\" srcset=\"https:\/\/axe-throwing.si\/wp-content\/uploads\/2018\/11\/sekiromet-33-1-200x133.jpg 200w, https:\/\/axe-throwing.si\/wp-content\/uploads\/2018\/11\/sekiromet-33-1-400x267.jpg 400w, https:\/\/axe-throwing.si\/wp-content\/uploads\/2018\/11\/sekiromet-33-1-600x400.jpg 600w, https:\/\/axe-throwing.si\/wp-content\/uploads\/2018\/11\/sekiromet-33-1-800x533.jpg 800w, https:\/\/axe-throwing.si\/wp-content\/uploads\/2018\/11\/sekiromet-33-1-1200x800.jpg 1200w, https:\/\/axe-throwing.si\/wp-content\/uploads\/2018\/11\/sekiromet-33-1.jpg 3500w\" sizes=\"(max-width: 800px) 100vw, 600px\" \/><\/span><\/div><div class=\"fusion-clearfix\"><\/div><\/div><\/div><div class=\"fusion-layout-column fusion_builder_column_inner fusion-builder-nested-column-1 fusion_builder_column_inner_1_2 1_2 fusion-one-half fusion-column-last\" style=\"--awb-bg-size:cover;width:50%;width:calc(50% - ( ( 4% ) * 0.5 ) );\"><div class=\"fusion-column-wrapper fusion-flex-column-wrapper-legacy\"><div class=\"fusion-text fusion-text-2\"><h3>Metanje sekire je izvrsten teambuidling, saj ne gre za \u0161port na mo\u010d. V njem lahko naj\u0161ibkej\u0161a sodelavka premaga najmo\u010dnej\u0161ega dedca v va\u0161em podjetju. Program (\u00bbshow\u00ab), pod vodstvom izku\u0161enih in\u0161truktorjev, traja uro in pol in zajema od predstavitve, demonstracije, poskusnih metov, do zabavnih tekmovanj in resnega turnirja na izpadanje. Kasneje je za izmenjavo izku\u0161enj in proslavitev zmage na voljo na\u0161 dru\u017eabni del prostora.<\/h3>\n<p><strong>Zahtevajte ponudbo za zasebni zakup!\u00a0<\/strong><\/p>\n<p><strong>Zasebni zakup ene ograde (2 tar\u010di za do 12 oseb) za 90 minut igre = 250 \u20ac + ddv<\/strong><br \/>\n<strong>\u010ce gre za ve\u010d kot 12 oseb se zakupita dve ogradi. Vsaka naslednja ograda = 200 \u20ac + ddv.<\/strong><br \/>\n<strong>Maksimalno \u0161tevilo igralcev je 72. Pri ve\u010djemo \u0161tevilu (do 100 oseb), se zakupi ves center, program prilagodimo tako, da vsak pride na svoj ra\u010dun.<\/strong><\/p>\n<p>Pri zasebnem zakupu ograde je v ceno vklju\u010deno tudi: lesena medalja in prakti\u010dna nagrada za najbolj\u0161ega metalca sekire ter diplome za tri najbolj\u0161e sekirometa\u0161e.<\/p>\n<p>Med programom vam lahko ponudimo hladne in tople prigrizke, v primeru zakupa prostora za dodatne termine pa pripravimo tudi catering paket po \u017eelji. Obra\u010duna se \u0161tevilo predvidenih oseb ob rezervaciji, ne dejanska udele\u017eba.<\/p>\n<h3>Za ponudbo nam pi\u0161ite na\u00a0<strong><a href=\"mailto:info@axe-throwing.si\">info@axe-throwing.si<\/a><\/strong><\/h3>\n<\/div><div class=\"fusion-clearfix\"><\/div><\/div><\/div><\/div><div class=\"fusion-clearfix\"><\/div><\/div><\/div><\/div><\/div>\n","protected":false},"excerpt":{"rendered":"","protected":false},"author":1,"featured_media":0,"parent":0,"menu_order":0,"comment_status":"closed","ping_status":"closed","template":"","meta":{"footnotes":""},"class_list":["post-657","page","type-page","status-publish","hentry"],"_links":{"self":[{"href":"https:\/\/axe-throwing.si\/en\/wp-json\/wp\/v2\/pages\/657","targetHints":{"allow":["GET"]}}],"collection":[{"href":"https:\/\/axe-throwing.si\/en\/wp-json\/wp\/v2\/pages"}],"about":[{"href":"https:\/\/axe-throwing.si\/en\/wp-json\/wp\/v2\/types\/page"}],"author":[{"embeddable":true,"href":"https:\/\/axe-throwing.si\/en\/wp-json\/wp\/v2\/users\/1"}],"replies":[{"embeddable":true,"href":"https:\/\/axe-throwing.si\/en\/wp-json\/wp\/v2\/comments?post=657"}],"version-history":[{"count":0,"href":"https:\/\/axe-throwing.si\/en\/wp-json\/wp\/v2\/pages\/657\/revisions"}],"wp:attachment":[{"href":"https:\/\/axe-throwing.si\/en\/wp-json\/wp\/v2\/media?parent=657"}],"curies":[{"name":"wp","href":"https:\/\/api.w.org\/{rel}","templated":true}]}}